{"id":5088,"date":"2024-10-17T21:36:40","date_gmt":"2024-10-17T19:36:40","guid":{"rendered":"https:\/\/www.cpmswitzerland.ch\/degustations-2024\/sous-vide-degustation-automne-2024\/"},"modified":"2024-12-10T13:32:02","modified_gmt":"2024-12-10T12:32:02","slug":"sous-vide-degustation-automne-2024","status":"publish","type":"page","link":"https:\/\/www.cpmswitzerland.ch\/fr\/degustations-2024\/sous-vide-degustation-automne-2024\/","title":{"rendered":"Sous-Vide D\u00e9gustation Automne-2024"},"content":{"rendered":"\t\t<div data-elementor-type=\"wp-page\" data-elementor-id=\"5088\" class=\"elementor elementor-5088\" data-elementor-post-type=\"page\">\n\t\t\t\t<div class=\"wd-negative-gap elementor-element elementor-element-b6f6058 e-flex e-con-boxed e-con e-parent\" data-id=\"b6f6058\" data-element_type=\"container\">\n\t\t\t\t\t<div class=\"e-con-inner\">\n\t\t\t\t<div class=\"elementor-element elementor-element-30d9952 elementor-button-align-center elementor-widget elementor-widget-form\" data-id=\"30d9952\" data-element_type=\"widget\" data-settings=\"{&quot;step_next_label&quot;:&quot;Continuer&quot;,&quot;step_previous_label&quot;:&quot;Retour&quot;,&quot;step_type&quot;:&quot;none&quot;,&quot;button_width&quot;:&quot;100&quot;,&quot;step_icon_shape&quot;:&quot;circle&quot;}\" data-widget_type=\"form.default\">\n\t\t\t\t<div class=\"elementor-widget-container\">\n\t\t\t\t\t\t\t<form class=\"elementor-form\" method=\"post\" name=\"Rapport d\u00e9gustation\" aria-label=\"Rapport d\u00e9gustation\" novalidate=\"\">\n\t\t\t<input type=\"hidden\" name=\"post_id\" value=\"5088\"\/>\n\t\t\t<input type=\"hidden\" name=\"form_id\" value=\"30d9952\"\/>\n\t\t\t<input type=\"hidden\" name=\"referer_title\" value=\"Sous-Vide D\u00e9gustation Automne-2024 - CPM Schweiz\" \/>\n\n\t\t\t\t\t\t\t<input type=\"hidden\" name=\"queried_id\" value=\"5088\"\/>\n\t\t\t\n\t\t\t<div class=\"elementor-form-fields-wrapper elementor-labels-above\">\n\t\t\t\t\t\t\t\t<div class=\"elementor-field-type-step elementor-field-group elementor-column elementor-field-group-field_8aa4e30 elementor-col-100\">\n\t\t\t\t\t\t\t<div class=\"e-field-step elementor-hidden\" data-label=\"\u00c9tape 1\" data-previousButton=\"\" data-nextButton=\"\" data-iconUrl=\"\" data-iconLibrary=\"far fa-building\" data-icon=\"\" ><\/div>\n\n\t\t\t\t\t\t<\/div>\n\t\t\t\t\t\t\t\t<div class=\"elementor-field-type-select elementor-field-group elementor-column elementor-field-group-name elementor-col-100 elementor-field-required elementor-mark-required\">\n\t\t\t\t\t\t\t\t\t\t\t\t<label for=\"form-field-name\" class=\"elementor-field-label\">\n\t\t\t\t\t\t\t\tDans quel march\u00e9 Prodega as-tu effectu\u00e9 la d\u00e9gustation ?\t\t\t\t\t\t\t<\/label>\n\t\t\t\t\t\t\t\t<div class=\"elementor-field elementor-select-wrapper remove-before \">\n\t\t\t<div class=\"select-caret-down-wrapper\">\n\t\t\t\t<i aria-hidden=\"true\" class=\"eicon-caret-down\"><\/i>\t\t\t<\/div>\n\t\t\t<select name=\"form_fields[name]\" id=\"form-field-name\" class=\"elementor-field-textual elementor-size-md\" required=\"required\">\n\t\t\t\t\t\t\t\t\t<option value=\"Prodega Langenthal Prodega Bellach Prodega Pratteln Prodega Reinach Prodega Basel Prodega Moosseedorf Prodega Biel Prodega Bern Prodega Heimberg Prodega Wilderswil Prodega Emmenmatt Prodega Kriens Prodega Rotkreuz Prodega Quartino Prodega Manno Prodega St. Blaise Prodega Crissier Prodega Brig-Gamsen Prodega Satigny Prodega Rennaz Prodega Givisiez Prodega Conthey Prodega Dietikon Prodega Neuendorf Prodega Rupperswil Prodega St. Gallen Prodega Hinwil Prodega R\u00fcschlikon Prodega Chur Prodega D\u00fcbendorf Prodega Winterthur\">Prodega Langenthal Prodega Bellach Prodega Pratteln Prodega Reinach Prodega Basel Prodega Moosseedorf Prodega Biel Prodega Bern Prodega Heimberg Prodega Wilderswil Prodega Emmenmatt Prodega Kriens Prodega Rotkreuz Prodega Quartino Prodega Manno Prodega St. Blaise Prodega Crissier Prodega Brig-Gamsen Prodega Satigny Prodega Rennaz Prodega Givisiez Prodega Conthey Prodega Dietikon Prodega Neuendorf Prodega Rupperswil Prodega St. Gallen Prodega Hinwil Prodega R\u00fcschlikon Prodega Chur Prodega D\u00fcbendorf Prodega Winterthur<\/option>\n\t\t\t\t\t\t\t<\/select>\n\t\t<\/div>\n\t\t\t\t\t\t<\/div>\n\t\t\t\t\t\t\t\t<div class=\"elementor-field-type-step elementor-field-group elementor-column elementor-field-group-field_7dc43ea elementor-col-100\">\n\t\t\t\t\t\t\t<div class=\"e-field-step elementor-hidden\" data-label=\"\u00c9tape 2\" data-previousButton=\"\" data-nextButton=\"\" data-iconUrl=\"\" data-iconLibrary=\"far fa-calendar-alt\" data-icon=\"\" ><\/div>\n\n\t\t\t\t\t\t<\/div>\n\t\t\t\t\t\t\t\t<div class=\"elementor-field-type-date elementor-field-group elementor-column elementor-field-group-field_dcb8faa elementor-col-50 elementor-field-required elementor-mark-required\">\n\t\t\t\t\t\t\t\t\t\t\t\t<label for=\"form-field-field_dcb8faa\" class=\"elementor-field-label\">\n\t\t\t\t\t\t\t\tD\u00e9but de la d\u00e9gustation\t\t\t\t\t\t\t<\/label>\n\t\t\t\t\t\t\n\t\t<input type=\"date\" name=\"form_fields[field_dcb8faa]\" id=\"form-field-field_dcb8faa\" class=\"elementor-field elementor-size-md  elementor-field-textual elementor-date-field elementor-use-native\" required=\"required\" pattern=\"[0-9]{4}-[0-9]{2}-[0-9]{2}\">\n\t\t\t\t\t\t<\/div>\n\t\t\t\t\t\t\t\t<div class=\"elementor-field-type-date elementor-field-group elementor-column elementor-field-group-field_94b8a15 elementor-col-50 elementor-field-required elementor-mark-required\">\n\t\t\t\t\t\t\t\t\t\t\t\t<label for=\"form-field-field_94b8a15\" class=\"elementor-field-label\">\n\t\t\t\t\t\t\t\tFin de la d\u00e9gustation\t\t\t\t\t\t\t<\/label>\n\t\t\t\t\t\t\n\t\t<input type=\"date\" name=\"form_fields[field_94b8a15]\" id=\"form-field-field_94b8a15\" class=\"elementor-field elementor-size-md  elementor-field-textual elementor-date-field elementor-use-native\" required=\"required\" pattern=\"[0-9]{4}-[0-9]{2}-[0-9]{2}\">\n\t\t\t\t\t\t<\/div>\n\t\t\t\t\t\t\t\t<div class=\"elementor-field-type-step elementor-field-group elementor-column elementor-field-group-field_0d0a474 elementor-col-100\">\n\t\t\t\t\t\t\t<div class=\"e-field-step elementor-hidden\" data-label=\"\u00c9tape 3\" data-previousButton=\"\" data-nextButton=\"\" data-iconUrl=\"\" data-iconLibrary=\"far fa-user\" data-icon=\"\" ><\/div>\n\n\t\t\t\t\t\t<\/div>\n\t\t\t\t\t\t\t\t<div class=\"elementor-field-type-checkbox elementor-field-group elementor-column elementor-field-group-field_89791ac elementor-col-100\">\n\t\t\t\t\t\t\t\t\t\t\t\t<label for=\"form-field-field_89791ac\" class=\"elementor-field-label\">\n\t\t\t\t\t\t\t\tQui \u00e9tait pr\u00e9sent ?\t\t\t\t\t\t\t<\/label>\n\t\t\t\t\t\t<div class=\"elementor-field-subgroup  \"><span class=\"elementor-field-option\"><input type=\"checkbox\" value=\"Jean-Marc\" id=\"form-field-field_89791ac-0\" name=\"form_fields[field_89791ac]\"> <label for=\"form-field-field_89791ac-0\">Jean-Marc<\/label><\/span><\/div>\t\t\t\t<\/div>\n\t\t\t\t\t\t\t\t<div class=\"elementor-field-type-step elementor-field-group elementor-column elementor-field-group-field_56fd195 elementor-col-100\">\n\t\t\t\t\t\t\t<div class=\"e-field-step elementor-hidden\" data-label=\"\u00c9tape 4\" data-previousButton=\"\" data-nextButton=\"\" data-iconUrl=\"\" data-iconLibrary=\"fas fa-sort-numeric-down\" data-icon=\"\" ><\/div>\n\n\t\t\t\t\t\t<\/div>\n\t\t\t\t\t\t\t\t<div class=\"elementor-field-type-number elementor-field-group elementor-column elementor-field-group-field_93568d4 elementor-col-50 elementor-field-required elementor-mark-required\">\n\t\t\t\t\t\t\t\t\t\t\t\t<label for=\"form-field-field_93568d4\" class=\"elementor-field-label\">\n\t\t\t\t\t\t\t\tNombre de d\u00e9gustations Jour 1\t\t\t\t\t\t\t<\/label>\n\t\t\t\t\t\t\t\t\t<input type=\"number\" name=\"form_fields[field_93568d4]\" id=\"form-field-field_93568d4\" class=\"elementor-field elementor-size-md  elementor-field-textual\" required=\"required\" min=\"\" max=\"\" >\n\t\t\t\t\t\t<\/div>\n\t\t\t\t\t\t\t\t<div class=\"elementor-field-type-number elementor-field-group elementor-column elementor-field-group-field_da2c91b elementor-col-50 elementor-field-required elementor-mark-required\">\n\t\t\t\t\t\t\t\t\t\t\t\t<label for=\"form-field-field_da2c91b\" class=\"elementor-field-label\">\n\t\t\t\t\t\t\t\tNombre de d\u00e9gustations Jour 2\t\t\t\t\t\t\t<\/label>\n\t\t\t\t\t\t\t\t\t<input type=\"number\" name=\"form_fields[field_da2c91b]\" id=\"form-field-field_da2c91b\" class=\"elementor-field elementor-size-md  elementor-field-textual\" required=\"required\" min=\"\" max=\"\" >\n\t\t\t\t\t\t<\/div>\n\t\t\t\t\t\t\t\t<div class=\"elementor-field-type-step elementor-field-group elementor-column elementor-field-group-field_49de94c elementor-col-100\">\n\t\t\t\t\t\t\t<div class=\"e-field-step elementor-hidden\" data-label=\"\u00c9tape 5\" data-previousButton=\"\" data-nextButton=\"\" data-iconUrl=\"\" data-iconLibrary=\"far fa-edit\" data-icon=\"\" ><\/div>\n\n\t\t\t\t\t\t<\/div>\n\t\t\t\t\t\t\t\t<div class=\"elementor-field-type-checkbox elementor-field-group elementor-column elementor-field-group-field_7cb59e6 elementor-col-100\">\n\t\t\t\t\t\t\t\t\t\t\t\t<label for=\"form-field-field_7cb59e6\" class=\"elementor-field-label\">\n\t\t\t\t\t\t\t\tComment la qualit\u00e9 a-t-elle \u00e9t\u00e9 per\u00e7ue par les clients ?\t\t\t\t\t\t\t<\/label>\n\t\t\t\t\t\t<div class=\"elementor-field-subgroup  \"><span class=\"elementor-field-option\"><input type=\"checkbox\" value=\"Tr\u00e8s bon Bon Suffisant Insuffisant\" id=\"form-field-field_7cb59e6-0\" name=\"form_fields[field_7cb59e6]\"> <label for=\"form-field-field_7cb59e6-0\">Tr\u00e8s bon Bon Suffisant Insuffisant<\/label><\/span><\/div>\t\t\t\t<\/div>\n\t\t\t\t\t\t\t\t<div class=\"elementor-field-type-checkbox elementor-field-group elementor-column elementor-field-group-field_950e935 elementor-col-100\">\n\t\t\t\t\t\t\t\t\t\t\t\t<label for=\"form-field-field_950e935\" class=\"elementor-field-label\">\n\t\t\t\t\t\t\t\tQue pensent les clients des prix ?\t\t\t\t\t\t\t<\/label>\n\t\t\t\t\t\t<div class=\"elementor-field-subgroup  \"><span class=\"elementor-field-option\"><input type=\"checkbox\" value=\"Tr\u00e8s \u00e9lev\u00e9 Acceptable Bon march\u00e9\" id=\"form-field-field_950e935-0\" name=\"form_fields[field_950e935]\"> <label for=\"form-field-field_950e935-0\">Tr\u00e8s \u00e9lev\u00e9 Acceptable Bon march\u00e9<\/label><\/span><\/div>\t\t\t\t<\/div>\n\t\t\t\t\t\t\t\t<div class=\"elementor-field-type-step elementor-field-group elementor-column elementor-field-group-field_c5c8d26 elementor-col-100\">\n\t\t\t\t\t\t\t<div class=\"e-field-step elementor-hidden\" data-label=\"\u00c9tape 6\" data-previousButton=\"\" data-nextButton=\"\" data-iconUrl=\"\" data-iconLibrary=\"far fa-building\" data-icon=\"\" ><\/div>\n\n\t\t\t\t\t\t<\/div>\n\t\t\t\t\t\t\t\t<div class=\"elementor-field-type-checkbox elementor-field-group elementor-column elementor-field-group-field_379b7a2 elementor-col-100\">\n\t\t\t\t\t\t\t\t\t\t\t\t<label for=\"form-field-field_379b7a2\" class=\"elementor-field-label\">\n\t\t\t\t\t\t\t\tLa pression des marchandises est-elle suffisante ?\t\t\t\t\t\t\t<\/label>\n\t\t\t\t\t\t<div class=\"elementor-field-subgroup  \"><span class=\"elementor-field-option\"><input type=\"checkbox\" value=\"OUI NON\" id=\"form-field-field_379b7a2-0\" name=\"form_fields[field_379b7a2]\"> <label for=\"form-field-field_379b7a2-0\">OUI NON<\/label><\/span><\/div>\t\t\t\t<\/div>\n\t\t\t\t\t\t\t\t<div class=\"elementor-field-type-checkbox elementor-field-group elementor-column elementor-field-group-field_d9d6c38 elementor-col-100\">\n\t\t\t\t\t\t\t\t\t\t\t\t<label for=\"form-field-field_d9d6c38\" class=\"elementor-field-label\">\n\t\t\t\t\t\t\t\tAvez-vous re\u00e7u tous les renseignements n\u00e9cessaires ?\t\t\t\t\t\t\t<\/label>\n\t\t\t\t\t\t<div class=\"elementor-field-subgroup  \"><span class=\"elementor-field-option\"><input type=\"checkbox\" value=\"OUI NON\" id=\"form-field-field_d9d6c38-0\" name=\"form_fields[field_d9d6c38]\"> <label for=\"form-field-field_d9d6c38-0\">OUI NON<\/label><\/span><\/div>\t\t\t\t<\/div>\n\t\t\t\t\t\t\t\t<div class=\"elementor-field-type-checkbox elementor-field-group elementor-column elementor-field-group-field_bf05303 elementor-col-100\">\n\t\t\t\t\t\t\t\t\t\t\t\t<label for=\"form-field-field_bf05303\" class=\"elementor-field-label\">\n\t\t\t\t\t\t\t\tLe mat\u00e9riel est complet ?\t\t\t\t\t\t\t<\/label>\n\t\t\t\t\t\t<div class=\"elementor-field-subgroup  \"><span class=\"elementor-field-option\"><input type=\"checkbox\" value=\"OUI NON\" id=\"form-field-field_bf05303-0\" name=\"form_fields[field_bf05303]\"> <label for=\"form-field-field_bf05303-0\">OUI NON<\/label><\/span><\/div>\t\t\t\t<\/div>\n\t\t\t\t\t\t\t\t<div class=\"elementor-field-type-checkbox elementor-field-group elementor-column elementor-field-group-field_8bbccbd elementor-col-100\">\n\t\t\t\t\t\t\t\t\t\t\t\t<label for=\"form-field-field_8bbccbd\" class=\"elementor-field-label\">\n\t\t\t\t\t\t\t\tY a-t-il suffisamment de produits \u00e0 d\u00e9guster ?\t\t\t\t\t\t\t<\/label>\n\t\t\t\t\t\t<div class=\"elementor-field-subgroup  \"><span class=\"elementor-field-option\"><input type=\"checkbox\" value=\"OUI NON\" id=\"form-field-field_8bbccbd-0\" name=\"form_fields[field_8bbccbd]\"> <label for=\"form-field-field_8bbccbd-0\">OUI NON<\/label><\/span><\/div>\t\t\t\t<\/div>\n\t\t\t\t\t\t\t\t<div class=\"elementor-field-type-step elementor-field-group elementor-column elementor-field-group-field_6d04923 elementor-col-100\">\n\t\t\t\t\t\t\t<div class=\"e-field-step elementor-hidden\" data-label=\"\u00c9tape 7\" data-previousButton=\"\" data-nextButton=\"\" data-iconUrl=\"\" data-iconLibrary=\"fas fa-user-edit\" data-icon=\"\" ><\/div>\n\n\t\t\t\t\t\t<\/div>\n\t\t\t\t\t\t\t\t<div class=\"elementor-field-type-textarea elementor-field-group elementor-column elementor-field-group-message elementor-col-100 elementor-field-required elementor-mark-required\">\n\t\t\t\t\t\t\t\t\t\t\t\t<label for=\"form-field-message\" class=\"elementor-field-label\">\n\t\t\t\t\t\t\t\tCommentaires g\u00e9n\u00e9raux\t\t\t\t\t\t\t<\/label>\n\t\t\t\t\t\t<textarea class=\"elementor-field-textual elementor-field  elementor-size-md\" name=\"form_fields[message]\" id=\"form-field-message\" rows=\"10\" placeholder=\"\u00c9cris ici ton feedback g\u00e9n\u00e9ral. Tu peux aussi donner ton propre avis et faire des propositions d&#039;am\u00e9lioration. Comment s&#039;est pass\u00e9e la collaboration avec Prodega ? D\u00e9cris le d\u00e9roulement de la d\u00e9gustation en g\u00e9n\u00e9ral. Si tu as rencontr\u00e9 des probl\u00e8mes, indique-les.    \" required=\"required\"><\/textarea>\t\t\t\t<\/div>\n\t\t\t\t\t\t\t\t<div class=\"elementor-field-type-step elementor-field-group elementor-column elementor-field-group-field_d1df54b elementor-col-100\">\n\t\t\t\t\t\t\t<div class=\"e-field-step elementor-hidden\" data-label=\"\u00c9tape 8\" data-previousButton=\"\" data-nextButton=\"\" data-iconUrl=\"\" data-iconLibrary=\"fas fa-image\" data-icon=\"\" ><\/div>\n\n\t\t\t\t\t\t<\/div>\n\t\t\t\t\t\t\t\t<div class=\"elementor-field-type-upload elementor-field-group elementor-column elementor-field-group-field_cccc5d1 elementor-col-100 elementor-field-required elementor-mark-required\">\n\t\t\t\t\t\t\t\t\t\t\t\t<label for=\"form-field-field_cccc5d1\" class=\"elementor-field-label\">\n\t\t\t\t\t\t\t\tVeuillez t\u00e9l\u00e9charger ici toutes les photos du comptoir, de vous-m\u00eame et des produits pr\u00e9sent\u00e9s. Prends \u00e9galement des photos de l'ensemble du stand. \t\t\t\t\t\t\t<\/label>\n\t\t\t\t\t\t\t\t<input type=\"file\" name=\"form_fields[field_cccc5d1][]\" id=\"form-field-field_cccc5d1\" class=\"elementor-field elementor-size-md  elementor-upload-field\" required=\"required\" multiple=\"multiple\" data-maxsize=\"146\" data-maxsize-message=\"Ce fichier d\u00e9passe la taille maximale autoris\u00e9e.\">\n\n\t\t\t\t\t\t<\/div>\n\t\t\t\t\t\t\t\t<div class=\"elementor-field-type-step elementor-field-group elementor-column elementor-field-group-field_0848747 elementor-col-100\">\n\t\t\t\t\t\t\t<div class=\"e-field-step elementor-hidden\" data-label=\"\u00c9tape 9\" data-previousButton=\"\" data-nextButton=\"\" data-iconUrl=\"\" data-iconLibrary=\"fas fa-image\" data-icon=\"\" ><\/div>\n\n\t\t\t\t\t\t<\/div>\n\t\t\t\t\t\t\t\t<div class=\"elementor-field-type-text elementor-field-group elementor-column elementor-field-group-field_3b357e8 elementor-col-100\">\n\t\t\t\t\t\t\t\t\t\t\t\t<label for=\"form-field-field_3b357e8\" class=\"elementor-field-label\">\n\t\t\t\t\t\t\t\tBrasato de b\u0153uf\t\t\t\t\t\t\t<\/label>\n\t\t\t\t\t\t\t\t\t\t\t\t\t\t<input size=\"1\" type=\"text\" name=\"form_fields[field_3b357e8]\" id=\"form-field-field_3b357e8\" class=\"elementor-field elementor-size-md  elementor-field-textual\" placeholder=\"Nombre de ventes\">\n\t\t\t\t\t\t\t\t\t\t\t<\/div>\n\t\t\t\t\t\t\t\t<div class=\"elementor-field-type-text elementor-field-group elementor-column elementor-field-group-field_785a48e elementor-col-100\">\n\t\t\t\t\t\t\t\t\t\t\t\t<label for=\"form-field-field_785a48e\" class=\"elementor-field-label\">\n\t\t\t\t\t\t\t\tR\u00f4ti brais\u00e9 de b\u0153uf\t\t\t\t\t\t\t<\/label>\n\t\t\t\t\t\t\t\t\t\t\t\t\t\t<input size=\"1\" type=\"text\" name=\"form_fields[field_785a48e]\" id=\"form-field-field_785a48e\" class=\"elementor-field elementor-size-md  elementor-field-textual\" placeholder=\"Nombre de ventes\">\n\t\t\t\t\t\t\t\t\t\t\t<\/div>\n\t\t\t\t\t\t\t\t<div class=\"elementor-field-type-text elementor-field-group elementor-column elementor-field-group-field_5ad8770 elementor-col-100\">\n\t\t\t\t\t\t\t\t\t\t\t\t<label for=\"form-field-field_5ad8770\" class=\"elementor-field-label\">\n\t\t\t\t\t\t\t\tBouilli de b\u0153uf\t\t\t\t\t\t\t<\/label>\n\t\t\t\t\t\t\t\t\t\t\t\t\t\t<input size=\"1\" type=\"text\" name=\"form_fields[field_5ad8770]\" id=\"form-field-field_5ad8770\" class=\"elementor-field elementor-size-md  elementor-field-textual\" placeholder=\"Nombre de ventes\">\n\t\t\t\t\t\t\t\t\t\t\t<\/div>\n\t\t\t\t\t\t\t\t<div class=\"elementor-field-type-text elementor-field-group elementor-column elementor-field-group-field_772daaa elementor-col-100\">\n\t\t\t\t\t\t\t\t\t\t\t\t<label for=\"form-field-field_772daaa\" class=\"elementor-field-label\">\n\t\t\t\t\t\t\t\tJoues de b\u0153uf\t\t\t\t\t\t\t<\/label>\n\t\t\t\t\t\t\t\t\t\t\t\t\t\t<input size=\"1\" type=\"text\" name=\"form_fields[field_772daaa]\" id=\"form-field-field_772daaa\" class=\"elementor-field elementor-size-md  elementor-field-textual\" placeholder=\"Nombre de ventes\">\n\t\t\t\t\t\t\t\t\t\t\t<\/div>\n\t\t\t\t\t\t\t\t<div class=\"elementor-field-type-text elementor-field-group elementor-column elementor-field-group-field_bc3c472 elementor-col-100\">\n\t\t\t\t\t\t\t\t\t\t\t\t<label for=\"form-field-field_bc3c472\" class=\"elementor-field-label\">\n\t\t\t\t\t\t\t\tR\u00f4ti roul\u00e9 de veau\t\t\t\t\t\t\t<\/label>\n\t\t\t\t\t\t\t\t\t\t\t\t\t\t<input size=\"1\" type=\"text\" name=\"form_fields[field_bc3c472]\" id=\"form-field-field_bc3c472\" class=\"elementor-field elementor-size-md  elementor-field-textual\" placeholder=\"Nombre de ventes\">\n\t\t\t\t\t\t\t\t\t\t\t<\/div>\n\t\t\t\t\t\t\t\t<div class=\"elementor-field-type-text elementor-field-group elementor-column elementor-field-group-field_74e9837 elementor-col-100\">\n\t\t\t\t\t\t\t\t\t\t\t\t<label for=\"form-field-field_74e9837\" class=\"elementor-field-label\">\n\t\t\t\t\t\t\t\tR\u00f4ti roul\u00e9 de porc\t\t\t\t\t\t\t<\/label>\n\t\t\t\t\t\t\t\t\t\t\t\t\t\t<input size=\"1\" type=\"text\" name=\"form_fields[field_74e9837]\" id=\"form-field-field_74e9837\" class=\"elementor-field elementor-size-md  elementor-field-textual\" placeholder=\"Nombre de ventes\">\n\t\t\t\t\t\t\t\t\t\t\t<\/div>\n\t\t\t\t\t\t\t\t<div class=\"elementor-field-type-text elementor-field-group elementor-column elementor-field-group-field_4ec6c37 elementor-col-100\">\n\t\t\t\t\t\t\t\t\t\t\t\t<label for=\"form-field-field_4ec6c37\" class=\"elementor-field-label\">\n\t\t\t\t\t\t\t\tR\u00f4ti roul\u00e9 de dinde\t\t\t\t\t\t\t<\/label>\n\t\t\t\t\t\t\t\t\t\t\t\t\t\t<input size=\"1\" type=\"text\" name=\"form_fields[field_4ec6c37]\" id=\"form-field-field_4ec6c37\" class=\"elementor-field elementor-size-md  elementor-field-textual\" placeholder=\"Nombre de ventes\">\n\t\t\t\t\t\t\t\t\t\t\t<\/div>\n\t\t\t\t\t\t\t\t<div class=\"elementor-field-type-text elementor-field-group elementor-column elementor-field-group-field_b1b24e7 elementor-col-100\">\n\t\t\t\t\t\t\t\t\t\t\t\t<label for=\"form-field-field_b1b24e7\" class=\"elementor-field-label\">\n\t\t\t\t\t\t\t\tBeef Brisket\t\t\t\t\t\t\t<\/label>\n\t\t\t\t\t\t\t\t\t\t\t\t\t\t<input size=\"1\" type=\"text\" name=\"form_fields[field_b1b24e7]\" id=\"form-field-field_b1b24e7\" class=\"elementor-field elementor-size-md  elementor-field-textual\" placeholder=\"Nombre de ventes\">\n\t\t\t\t\t\t\t\t\t\t\t<\/div>\n\t\t\t\t\t\t\t\t<div class=\"elementor-field-type-text elementor-field-group elementor-column elementor-field-group-field_5cccf14 elementor-col-100\">\n\t\t\t\t\t\t\t\t\t\t\t\t<label for=\"form-field-field_5cccf14\" class=\"elementor-field-label\">\n\t\t\t\t\t\t\t\tSpare ribs Poitrine de porc\t\t\t\t\t\t\t<\/label>\n\t\t\t\t\t\t\t\t\t\t\t\t\t\t<input size=\"1\" type=\"text\" name=\"form_fields[field_5cccf14]\" id=\"form-field-field_5cccf14\" class=\"elementor-field elementor-size-md  elementor-field-textual\" placeholder=\"Nombre de ventes\">\n\t\t\t\t\t\t\t\t\t\t\t<\/div>\n\t\t\t\t\t\t\t\t<div class=\"elementor-field-type-text elementor-field-group elementor-column elementor-field-group-field_c8609e4 elementor-col-100\">\n\t\t\t\t\t\t\t\t\t\t\t\t<label for=\"form-field-field_c8609e4\" class=\"elementor-field-label\">\n\t\t\t\t\t\t\t\tRoyal Ribs\t\t\t\t\t\t\t<\/label>\n\t\t\t\t\t\t\t\t\t\t\t\t\t\t<input size=\"1\" type=\"text\" name=\"form_fields[field_c8609e4]\" id=\"form-field-field_c8609e4\" class=\"elementor-field elementor-size-md  elementor-field-textual\" placeholder=\"Nombre de ventes\">\n\t\t\t\t\t\t\t\t\t\t\t<\/div>\n\t\t\t\t\t\t\t\t<div class=\"elementor-field-type-text elementor-field-group elementor-column elementor-field-group-field_e9e478f elementor-col-100\">\n\t\t\t\t\t\t\t\t\t\t\t\t<label for=\"form-field-field_e9e478f\" class=\"elementor-field-label\">\n\t\t\t\t\t\t\t\tPulled Pork\t\t\t\t\t\t\t<\/label>\n\t\t\t\t\t\t\t\t\t\t\t\t\t\t<input size=\"1\" type=\"text\" name=\"form_fields[field_e9e478f]\" id=\"form-field-field_e9e478f\" class=\"elementor-field elementor-size-md  elementor-field-textual\" placeholder=\"Nombre de ventes\">\n\t\t\t\t\t\t\t\t\t\t\t<\/div>\n\t\t\t\t\t\t\t\t<div class=\"elementor-field-type-text elementor-field-group elementor-column elementor-field-group-field_baa6613 elementor-col-100\">\n\t\t\t\t\t\t\t\t\t\t\t\t<label for=\"form-field-field_baa6613\" class=\"elementor-field-label\">\n\t\t\t\t\t\t\t\tRago\u00fbt de b\u0153uf\t\t\t\t\t\t\t<\/label>\n\t\t\t\t\t\t\t\t\t\t\t\t\t\t<input size=\"1\" type=\"text\" name=\"form_fields[field_baa6613]\" id=\"form-field-field_baa6613\" class=\"elementor-field elementor-size-md  elementor-field-textual\" placeholder=\"Nombre de ventes\">\n\t\t\t\t\t\t\t\t\t\t\t<\/div>\n\t\t\t\t\t\t\t\t<div class=\"elementor-field-type-text elementor-field-group elementor-column elementor-field-group-field_7b8f265 elementor-col-100\">\n\t\t\t\t\t\t\t\t\t\t\t\t<label for=\"form-field-field_7b8f265\" class=\"elementor-field-label\">\n\t\t\t\t\t\t\t\tR\u00f4ti de veau\t\t\t\t\t\t\t<\/label>\n\t\t\t\t\t\t\t\t\t\t\t\t\t\t<input size=\"1\" type=\"text\" name=\"form_fields[field_7b8f265]\" id=\"form-field-field_7b8f265\" class=\"elementor-field elementor-size-md  elementor-field-textual\" placeholder=\"Nombre de ventes\">\n\t\t\t\t\t\t\t\t\t\t\t<\/div>\n\t\t\t\t\t\t\t\t<div class=\"elementor-field-group elementor-column elementor-field-type-submit elementor-col-100 e-form__buttons\">\n\t\t\t\t\t<button class=\"elementor-button elementor-size-lg\" type=\"submit\">\n\t\t\t\t\t\t<span class=\"elementor-button-content-wrapper\">\n\t\t\t\t\t\t\t\t\t\t\t\t\t\t\t\t\t\t\t\t\t\t<span class=\"elementor-button-text\">Soumettre le rapport<\/span>\n\t\t\t\t\t\t\t\t\t\t\t\t\t<\/span>\n\t\t\t\t\t<\/button>\n\t\t\t\t<\/div>\n\t\t\t<\/div>\n\t\t<\/form>\n\t\t\t\t\t\t<\/div>\n\t\t\t\t<\/div>\n\t\t\t\t\t<\/div>\n\t\t\t\t<\/div>\n\t\t\t\t<\/div>\n\t\t","protected":false},"excerpt":{"rendered":"","protected":false},"author":2,"featured_media":0,"parent":5010,"menu_order":0,"comment_status":"closed","ping_status":"closed","template":"","meta":{"footnotes":""},"class_list":["post-5088","page","type-page","status-publish","hentry"],"_links":{"self":[{"href":"https:\/\/www.cpmswitzerland.ch\/fr\/wp-json\/wp\/v2\/pages\/5088","targetHints":{"allow":["GET"]}}],"collection":[{"href":"https:\/\/www.cpmswitzerland.ch\/fr\/wp-json\/wp\/v2\/pages"}],"about":[{"href":"https:\/\/www.cpmswitzerland.ch\/fr\/wp-json\/wp\/v2\/types\/page"}],"author":[{"embeddable":true,"href":"https:\/\/www.cpmswitzerland.ch\/fr\/wp-json\/wp\/v2\/users\/2"}],"replies":[{"embeddable":true,"href":"https:\/\/www.cpmswitzerland.ch\/fr\/wp-json\/wp\/v2\/comments?post=5088"}],"version-history":[{"count":1,"href":"https:\/\/www.cpmswitzerland.ch\/fr\/wp-json\/wp\/v2\/pages\/5088\/revisions"}],"predecessor-version":[{"id":5089,"href":"https:\/\/www.cpmswitzerland.ch\/fr\/wp-json\/wp\/v2\/pages\/5088\/revisions\/5089"}],"up":[{"embeddable":true,"href":"https:\/\/www.cpmswitzerland.ch\/fr\/wp-json\/wp\/v2\/pages\/5010"}],"wp:attachment":[{"href":"https:\/\/www.cpmswitzerland.ch\/fr\/wp-json\/wp\/v2\/media?parent=5088"}],"curies":[{"name":"wp","href":"https:\/\/api.w.org\/{rel}","templated":true}]}}